{"id":200,"date":"2025-01-21T08:43:38","date_gmt":"2025-01-21T08:43:38","guid":{"rendered":"https:\/\/www.uygunajans.com\/?page_id=200"},"modified":"2025-01-22T11:57:03","modified_gmt":"2025-01-22T11:57:03","slug":"hakkimizda","status":"publish","type":"page","link":"https:\/\/www.uygunajans.com\/index.php\/hakkimizda\/","title":{"rendered":"Hakk\u0131m\u0131zda"},"content":{"rendered":"\n<p class=\"has-text-align-left\">Y\u0131llar\u0131n verdi\u011fi deneyim ile Uygun Organizasyon olarak&nbsp;D\u00fc\u011f\u00fcn, Davet, A\u00e7\u0131l\u0131\u015f, Fuar, Lansman, S\u00fcnnet Organizasyonlar\u0131, Kandiller, Mevl\u00fctler,&nbsp;K\u0131na Geceleri,&nbsp;Konser, Do\u011fum G\u00fcn\u00fc ve daha nice vazge\u00e7ilmez etkinliklerinizde i\u015finde uzman personellerimiz&nbsp; ve en kaliteli ekipmanlar\u0131m\u0131z&nbsp;ile&nbsp;yan\u0131n\u0131zday\u0131z.<\/p>\n\n\n\n<p class=\"has-text-align-left\">Pamuk \u015eekeri veya Palya\u00e7o ile \u00e7ocuklar\u0131n\u0131z\u0131 sevindirebilir, Osmanl\u0131 \u015eerbeti ile ferahlayabilir ya da Salep ile i\u00e7inizi \u0131s\u0131tabilirsiniz.&nbsp;Bu gibi \u00f6nemli g\u00fcnlerinizi daha da unutulmaz k\u0131lmak i\u00e7in size bir telefon kadar yak\u0131n\u0131z.<\/p>\n\n\n\n<p class=\"has-text-align-left\">En uygun fiyatlarla en kaliteli hizmeti sunarken insan sa\u011fl\u0131\u011f\u0131n\u0131 korumay\u0131 ve m\u00fc\u015fteri memnuniyetini kendimize ilke edindik.\u00a0<\/p>\n\n\n\n<p class=\"has-text-align-left\">Bilgi almak ve rezervasyon yapmak i\u00e7in 7\/24 bizimle ileti\u015fim kurabilirsiniz. \u0130ste\u011finize g\u00f6re Telefon edebilir, Canl\u0131 Destek hatt\u0131na yazabilir ya da \u0130leti\u015fim sayfas\u0131ndaki formu doldurabilirsiniz. Her zaman sizinle ileti\u015fime ge\u00e7meyi\u00a0bekleyen bir personelimiz\u00a0olacak.<\/p>\n\n\n\n<p><\/p>\n\n\n\n<p><\/p>\n\n\n\n<div class=\"wp-block-group alignfull has-background has-global-padding is-layout-constrained wp-block-group-is-layout-constrained\" style=\"background-color:#e5e9ec;padding-top:var(--wp--preset--spacing--small);padding-bottom:var(--wp--preset--spacing--small)\">\n<figure class=\"wp-block-image aligncenter size-full\"><img fetchpriority=\"high\" decoding=\"async\" width=\"358\" height=\"191\" src=\"https:\/\/www.uygunajans.com\/wp-content\/uploads\/2024\/11\/uygunlogo-2.jpg\" alt=\"\" class=\"wp-image-143\" srcset=\"https:\/\/www.uygunajans.com\/wp-content\/uploads\/2024\/11\/uygunlogo-2.jpg 358w, https:\/\/www.uygunajans.com\/wp-content\/uploads\/2024\/11\/uygunlogo-2-300x160.jpg 300w\" sizes=\"(max-width: 358px) 100vw, 358px\" \/><\/figure>\n<\/div>\n\n\n\n<p><\/p>\n","protected":false},"excerpt":{"rendered":"<p>Y\u0131llar\u0131n verdi\u011fi deneyim ile Uygun Organizasyon olarak&nbsp;D\u00fc\u011f\u00fcn, Davet, A\u00e7\u0131l\u0131\u015f, Fuar, Lansman, S\u00fcnnet Organizasyonlar\u0131, Kandiller, Mevl\u00fctler,&nbsp;K\u0131na Geceleri,&nbsp;Konser, Do\u011fum G\u00fcn\u00fc ve daha nice vazge\u00e7ilmez etkinliklerinizde i\u015finde uzman personellerimiz&nbsp; ve en kaliteli ekipmanlar\u0131m\u0131z&nbsp;ile&nbsp;yan\u0131n\u0131zday\u0131z. Pamuk \u015eekeri veya Palya\u00e7o ile \u00e7ocuklar\u0131n\u0131z\u0131 sevindirebilir, Osmanl\u0131 \u015eerbeti ile ferahlayabilir ya da Salep ile i\u00e7inizi \u0131s\u0131tabilirsiniz.&nbsp;Bu gibi \u00f6nemli g\u00fcnlerinizi daha da unutulmaz k\u0131lmak i\u00e7in &hellip; <\/p>\n<p class=\"link-more\"><a href=\"https:\/\/www.uygunajans.com\/index.php\/hakkimizda\/\" class=\"more-link\"><span class=\"screen-reader-text\"> &#8220;Hakk\u0131m\u0131zda&#8221;<\/span>devam\u0131n\u0131 oku<\/a><\/p>\n","protected":false},"author":1,"featured_media":0,"parent":0,"menu_order":0,"comment_status":"closed","ping_status":"closed","template":"","meta":{"om_disable_all_campaigns":false,"_monsterinsights_skip_tracking":false,"_monsterinsights_sitenote_active":false,"_monsterinsights_sitenote_note":"","_monsterinsights_sitenote_category":0,"_uf_show_specific_survey":0,"_uf_disable_surveys":false,"_joinchat":[],"footnotes":""},"class_list":["post-200","page","type-page","status-publish","hentry"],"yoast_head":"<!-- This site is optimized with the Yoast SEO plugin v25.5 - https:\/\/yoast.com\/wordpress\/plugins\/seo\/ -->\n<title>Hakk\u0131m\u0131zda - Uygun Organizasyon<\/title>\n<meta name=\"robots\" content=\"index, follow, max-snippet:-1, max-image-preview:large, max-video-preview:-1\" \/>\n<link rel=\"canonical\" href=\"https:\/\/www.uygunajans.com\/index.php\/hakkimizda\/\" \/>\n<meta property=\"og:locale\" content=\"tr_TR\" \/>\n<meta property=\"og:type\" content=\"article\" \/>\n<meta property=\"og:title\" content=\"Hakk\u0131m\u0131zda - Uygun Organizasyon\" \/>\n<meta property=\"og:description\" content=\"Y\u0131llar\u0131n verdi\u011fi deneyim ile Uygun Organizasyon olarak&nbsp;D\u00fc\u011f\u00fcn, Davet, A\u00e7\u0131l\u0131\u015f, Fuar, Lansman, S\u00fcnnet Organizasyonlar\u0131, Kandiller, Mevl\u00fctler,&nbsp;K\u0131na Geceleri,&nbsp;Konser, Do\u011fum G\u00fcn\u00fc ve daha nice vazge\u00e7ilmez etkinliklerinizde i\u015finde uzman personellerimiz&nbsp; ve en kaliteli ekipmanlar\u0131m\u0131z&nbsp;ile&nbsp;yan\u0131n\u0131zday\u0131z. Pamuk \u015eekeri veya Palya\u00e7o ile \u00e7ocuklar\u0131n\u0131z\u0131 sevindirebilir, Osmanl\u0131 \u015eerbeti ile ferahlayabilir ya da Salep ile i\u00e7inizi \u0131s\u0131tabilirsiniz.&nbsp;Bu gibi \u00f6nemli g\u00fcnlerinizi daha da unutulmaz k\u0131lmak i\u00e7in &hellip; &quot;Hakk\u0131m\u0131zda&quot;devam\u0131n\u0131 oku\" \/>\n<meta property=\"og:url\" content=\"https:\/\/www.uygunajans.com\/index.php\/hakkimizda\/\" \/>\n<meta property=\"og:site_name\" content=\"Uygun Organizasyon\" \/>\n<meta property=\"article:modified_time\" content=\"2025-01-22T11:57:03+00:00\" \/>\n<meta property=\"og:image\" content=\"https:\/\/www.uygunajans.com\/wp-content\/uploads\/2024\/11\/uygunlogo-2.jpg?wsr\" \/>\n\t<meta property=\"og:image:width\" content=\"358\" \/>\n\t<meta property=\"og:image:height\" content=\"191\" \/>\n\t<meta property=\"og:image:type\" content=\"image\/jpeg\" \/>\n<meta name=\"twitter:card\" content=\"summary_large_image\" \/>\n<meta name=\"twitter:label1\" content=\"Tahmini okuma s\u00fcresi\" \/>\n\t<meta name=\"twitter:data1\" content=\"1 dakika\" \/>\n<script type=\"application\/ld+json\" class=\"yoast-schema-graph\">{\"@context\":\"https:\/\/schema.org\",\"@graph\":[{\"@type\":\"WebPage\",\"@id\":\"https:\/\/www.uygunajans.com\/index.php\/hakkimizda\/\",\"url\":\"https:\/\/www.uygunajans.com\/index.php\/hakkimizda\/\",\"name\":\"Hakk\u0131m\u0131zda - Uygun Organizasyon\",\"isPartOf\":{\"@id\":\"https:\/\/www.uygunajans.com\/#website\"},\"primaryImageOfPage\":{\"@id\":\"https:\/\/www.uygunajans.com\/index.php\/hakkimizda\/#primaryimage\"},\"image\":{\"@id\":\"https:\/\/www.uygunajans.com\/index.php\/hakkimizda\/#primaryimage\"},\"thumbnailUrl\":\"https:\/\/www.uygunajans.com\/wp-content\/uploads\/2024\/11\/uygunlogo-2.jpg\",\"datePublished\":\"2025-01-21T08:43:38+00:00\",\"dateModified\":\"2025-01-22T11:57:03+00:00\",\"breadcrumb\":{\"@id\":\"https:\/\/www.uygunajans.com\/index.php\/hakkimizda\/#breadcrumb\"},\"inLanguage\":\"tr\",\"potentialAction\":[{\"@type\":\"ReadAction\",\"target\":[\"https:\/\/www.uygunajans.com\/index.php\/hakkimizda\/\"]}]},{\"@type\":\"ImageObject\",\"inLanguage\":\"tr\",\"@id\":\"https:\/\/www.uygunajans.com\/index.php\/hakkimizda\/#primaryimage\",\"url\":\"https:\/\/www.uygunajans.com\/wp-content\/uploads\/2024\/11\/uygunlogo-2.jpg?wsr\",\"contentUrl\":\"https:\/\/www.uygunajans.com\/wp-content\/uploads\/2024\/11\/uygunlogo-2.jpg?wsr\",\"width\":358,\"height\":191},{\"@type\":\"BreadcrumbList\",\"@id\":\"https:\/\/www.uygunajans.com\/index.php\/hakkimizda\/#breadcrumb\",\"itemListElement\":[{\"@type\":\"ListItem\",\"position\":1,\"name\":\"Anasayfa\",\"item\":\"https:\/\/www.uygunajans.com\/\"},{\"@type\":\"ListItem\",\"position\":2,\"name\":\"Hakk\u0131m\u0131zda\"}]},{\"@type\":\"WebSite\",\"@id\":\"https:\/\/www.uygunajans.com\/#website\",\"url\":\"https:\/\/www.uygunajans.com\/\",\"name\":\"\u0130kram Arabalar\u0131 Kiralama Hizmeti\",\"description\":\"&Ouml;zel etkinlik ve davet g&uuml;nleriniz i&ccedil;in yiyecek i&ccedil;ecek servis ara&ccedil;lar\u0131 ve ikram arabalar\u0131 kiralama hizmeti\",\"publisher\":{\"@id\":\"https:\/\/www.uygunajans.com\/#organization\"},\"potentialAction\":[{\"@type\":\"SearchAction\",\"target\":{\"@type\":\"EntryPoint\",\"urlTemplate\":\"https:\/\/www.uygunajans.com\/?s={search_term_string}\"},\"query-input\":{\"@type\":\"PropertyValueSpecification\",\"valueRequired\":true,\"valueName\":\"search_term_string\"}}],\"inLanguage\":\"tr\"},{\"@type\":\"Organization\",\"@id\":\"https:\/\/www.uygunajans.com\/#organization\",\"name\":\"Uygun Organizasyon\",\"url\":\"https:\/\/www.uygunajans.com\/\",\"logo\":{\"@type\":\"ImageObject\",\"inLanguage\":\"tr\",\"@id\":\"https:\/\/www.uygunajans.com\/#\/schema\/logo\/image\/\",\"url\":\"https:\/\/www.uygunajans.com\/wp-content\/uploads\/2024\/11\/IMG-20241030-WA0004-1.jpg\",\"contentUrl\":\"https:\/\/www.uygunajans.com\/wp-content\/uploads\/2024\/11\/IMG-20241030-WA0004-1.jpg\",\"width\":517,\"height\":920,\"caption\":\"Uygun Organizasyon\"},\"image\":{\"@id\":\"https:\/\/www.uygunajans.com\/#\/schema\/logo\/image\/\"},\"sameAs\":[\"https:\/\/instagram.com\/uygun.organizasyon\"]}]}<\/script>\n<!-- \/ Yoast SEO plugin. -->","yoast_head_json":{"title":"Hakk\u0131m\u0131zda - Uygun Organizasyon","robots":{"index":"index","follow":"follow","max-snippet":"max-snippet:-1","max-image-preview":"max-image-preview:large","max-video-preview":"max-video-preview:-1"},"canonical":"https:\/\/www.uygunajans.com\/index.php\/hakkimizda\/","og_locale":"tr_TR","og_type":"article","og_title":"Hakk\u0131m\u0131zda - Uygun Organizasyon","og_description":"Y\u0131llar\u0131n verdi\u011fi deneyim ile Uygun Organizasyon olarak&nbsp;D\u00fc\u011f\u00fcn, Davet, A\u00e7\u0131l\u0131\u015f, Fuar, Lansman, S\u00fcnnet Organizasyonlar\u0131, Kandiller, Mevl\u00fctler,&nbsp;K\u0131na Geceleri,&nbsp;Konser, Do\u011fum G\u00fcn\u00fc ve daha nice vazge\u00e7ilmez etkinliklerinizde i\u015finde uzman personellerimiz&nbsp; ve en kaliteli ekipmanlar\u0131m\u0131z&nbsp;ile&nbsp;yan\u0131n\u0131zday\u0131z. Pamuk \u015eekeri veya Palya\u00e7o ile \u00e7ocuklar\u0131n\u0131z\u0131 sevindirebilir, Osmanl\u0131 \u015eerbeti ile ferahlayabilir ya da Salep ile i\u00e7inizi \u0131s\u0131tabilirsiniz.&nbsp;Bu gibi \u00f6nemli g\u00fcnlerinizi daha da unutulmaz k\u0131lmak i\u00e7in &hellip; \"Hakk\u0131m\u0131zda\"devam\u0131n\u0131 oku","og_url":"https:\/\/www.uygunajans.com\/index.php\/hakkimizda\/","og_site_name":"Uygun Organizasyon","article_modified_time":"2025-01-22T11:57:03+00:00","og_image":[{"width":358,"height":191,"url":"https:\/\/www.uygunajans.com\/wp-content\/uploads\/2024\/11\/uygunlogo-2.jpg?wsr","type":"image\/jpeg"}],"twitter_card":"summary_large_image","twitter_misc":{"Tahmini okuma s\u00fcresi":"1 dakika"},"schema":{"@context":"https:\/\/schema.org","@graph":[{"@type":"WebPage","@id":"https:\/\/www.uygunajans.com\/index.php\/hakkimizda\/","url":"https:\/\/www.uygunajans.com\/index.php\/hakkimizda\/","name":"Hakk\u0131m\u0131zda - Uygun Organizasyon","isPartOf":{"@id":"https:\/\/www.uygunajans.com\/#website"},"primaryImageOfPage":{"@id":"https:\/\/www.uygunajans.com\/index.php\/hakkimizda\/#primaryimage"},"image":{"@id":"https:\/\/www.uygunajans.com\/index.php\/hakkimizda\/#primaryimage"},"thumbnailUrl":"https:\/\/www.uygunajans.com\/wp-content\/uploads\/2024\/11\/uygunlogo-2.jpg","datePublished":"2025-01-21T08:43:38+00:00","dateModified":"2025-01-22T11:57:03+00:00","breadcrumb":{"@id":"https:\/\/www.uygunajans.com\/index.php\/hakkimizda\/#breadcrumb"},"inLanguage":"tr","potentialAction":[{"@type":"ReadAction","target":["https:\/\/www.uygunajans.com\/index.php\/hakkimizda\/"]}]},{"@type":"ImageObject","inLanguage":"tr","@id":"https:\/\/www.uygunajans.com\/index.php\/hakkimizda\/#primaryimage","url":"https:\/\/www.uygunajans.com\/wp-content\/uploads\/2024\/11\/uygunlogo-2.jpg?wsr","contentUrl":"https:\/\/www.uygunajans.com\/wp-content\/uploads\/2024\/11\/uygunlogo-2.jpg?wsr","width":358,"height":191},{"@type":"BreadcrumbList","@id":"https:\/\/www.uygunajans.com\/index.php\/hakkimizda\/#breadcrumb","itemListElement":[{"@type":"ListItem","position":1,"name":"Anasayfa","item":"https:\/\/www.uygunajans.com\/"},{"@type":"ListItem","position":2,"name":"Hakk\u0131m\u0131zda"}]},{"@type":"WebSite","@id":"https:\/\/www.uygunajans.com\/#website","url":"https:\/\/www.uygunajans.com\/","name":"\u0130kram Arabalar\u0131 Kiralama Hizmeti","description":"&Ouml;zel etkinlik ve davet g&uuml;nleriniz i&ccedil;in yiyecek i&ccedil;ecek servis ara&ccedil;lar\u0131 ve ikram arabalar\u0131 kiralama hizmeti","publisher":{"@id":"https:\/\/www.uygunajans.com\/#organization"},"potentialAction":[{"@type":"SearchAction","target":{"@type":"EntryPoint","urlTemplate":"https:\/\/www.uygunajans.com\/?s={search_term_string}"},"query-input":{"@type":"PropertyValueSpecification","valueRequired":true,"valueName":"search_term_string"}}],"inLanguage":"tr"},{"@type":"Organization","@id":"https:\/\/www.uygunajans.com\/#organization","name":"Uygun Organizasyon","url":"https:\/\/www.uygunajans.com\/","logo":{"@type":"ImageObject","inLanguage":"tr","@id":"https:\/\/www.uygunajans.com\/#\/schema\/logo\/image\/","url":"https:\/\/www.uygunajans.com\/wp-content\/uploads\/2024\/11\/IMG-20241030-WA0004-1.jpg","contentUrl":"https:\/\/www.uygunajans.com\/wp-content\/uploads\/2024\/11\/IMG-20241030-WA0004-1.jpg","width":517,"height":920,"caption":"Uygun Organizasyon"},"image":{"@id":"https:\/\/www.uygunajans.com\/#\/schema\/logo\/image\/"},"sameAs":["https:\/\/instagram.com\/uygun.organizasyon"]}]}},"_links":{"self":[{"href":"https:\/\/www.uygunajans.com\/index.php\/wp-json\/wp\/v2\/pages\/200","targetHints":{"allow":["GET"]}}],"collection":[{"href":"https:\/\/www.uygunajans.com\/index.php\/wp-json\/wp\/v2\/pages"}],"about":[{"href":"https:\/\/www.uygunajans.com\/index.php\/wp-json\/wp\/v2\/types\/page"}],"author":[{"embeddable":true,"href":"https:\/\/www.uygunajans.com\/index.php\/wp-json\/wp\/v2\/users\/1"}],"replies":[{"embeddable":true,"href":"https:\/\/www.uygunajans.com\/index.php\/wp-json\/wp\/v2\/comments?post=200"}],"version-history":[{"count":2,"href":"https:\/\/www.uygunajans.com\/index.php\/wp-json\/wp\/v2\/pages\/200\/revisions"}],"predecessor-version":[{"id":227,"href":"https:\/\/www.uygunajans.com\/index.php\/wp-json\/wp\/v2\/pages\/200\/revisions\/227"}],"wp:attachment":[{"href":"https:\/\/www.uygunajans.com\/index.php\/wp-json\/wp\/v2\/media?parent=200"}],"curies":[{"name":"wp","href":"https:\/\/api.w.org\/{rel}","templated":true}]}}